{"id":111,"date":"2019-06-11T16:03:59","date_gmt":"2019-06-11T14:03:59","guid":{"rendered":"http:\/\/delicesduchenesire.fr\/?page_id=111"},"modified":"2022-03-14T14:13:48","modified_gmt":"2022-03-14T13:13:48","slug":"nos-fromages","status":"publish","type":"page","link":"https:\/\/delicesduchenesire.fr\/index.php\/nos-fromages\/","title":{"rendered":"Nos Fromages et Charcuteries de la ferme"},"content":{"rendered":"\n<p class=\"has-text-align-center\" style=\"font-size:21px\"><strong>Nous tranformons \u00e0 la ferme l\u2019int\u00e9gralit\u00e9 de notre lait bio en fromage et glace.<\/strong> <\/p>\n\n\n\n<p class=\"has-text-align-center\" style=\"font-size:21px\">Avec un savoir-faire de plus de 30 ans&nbsp;dans la fabrication et l\u2019affinage, nous&nbsp;oeuvrons tous les jours pour d\u00e9velopper les fromages typiques de la r\u00e9gion : Munster fermier AOC, Tomme de montagne et Coeur de Massif. <\/p>\n\n\n\n<figure class=\"wp-block-gallery columns-3 is-cropped\"><ul class=\"blocks-gallery-grid\"><li class=\"blocks-gallery-item\"><figure><img loading=\"lazy\" width=\"231\" height=\"180\" src=\"https:\/\/delicesduchenesire.fr\/wp-content\/uploads\/2020\/03\/tomme.jpg\" alt=\"\" data-id=\"186\" data-link=\"https:\/\/delicesduchenesire.fr\/index.php\/nos-fromages\/tomme\/#main\" class=\"wp-image-186\"\/><figcaption class=\"blocks-gallery-item__caption\">Tomme du Ch\u00eanesire BIO<\/figcaption><\/figure><\/li><li class=\"blocks-gallery-item\"><figure><img loading=\"lazy\" width=\"1024\" height=\"768\" src=\"https:\/\/delicesduchenesire.fr\/wp-content\/uploads\/2021\/03\/coeur-de-massif-1-1024x768.jpg\" alt=\"\" data-id=\"887\" data-link=\"https:\/\/delicesduchenesire.fr\/index.php\/nos-fromages\/coeur-de-massif-1\/#main\" class=\"wp-image-887\" srcset=\"https:\/\/delicesduchenesire.fr\/wp-content\/uploads\/2021\/03\/coeur-de-massif-1-1024x768.jpg 1024w, https:\/\/delicesduchenesire.fr\/wp-content\/uploads\/2021\/03\/coeur-de-massif-1-300x225.jpg 300w, https:\/\/delicesduchenesire.fr\/wp-content\/uploads\/2021\/03\/coeur-de-massif-1-768x576.jpg 768w, https:\/\/delicesduchenesire.fr\/wp-content\/uploads\/2021\/03\/coeur-de-massif-1-1536x1152.jpg 1536w, https:\/\/delicesduchenesire.fr\/wp-content\/uploads\/2021\/03\/coeur-de-massif-1-2048x1536.jpg 2048w\" sizes=\"(max-width: 1024px) 100vw, 1024px\" \/><figcaption class=\"blocks-gallery-item__caption\">Coeur de Massif BIO<\/figcaption><\/figure><\/li><li class=\"blocks-gallery-item\"><figure><img loading=\"lazy\" width=\"231\" height=\"180\" src=\"https:\/\/delicesduchenesire.fr\/wp-content\/uploads\/2020\/03\/munster-blanc-1.jpg\" alt=\"\" data-id=\"188\" data-link=\"https:\/\/delicesduchenesire.fr\/index.php\/nos-fromages\/munster-blanc-1\/#main\" class=\"wp-image-188\"\/><figcaption class=\"blocks-gallery-item__caption\">Munster fermier AOC BIO<\/figcaption><\/figure><\/li><li class=\"blocks-gallery-item\"><figure><img loading=\"lazy\" width=\"1024\" height=\"768\" src=\"https:\/\/delicesduchenesire.fr\/wp-content\/uploads\/2020\/03\/cave-munster-1024x768.jpg\" alt=\"\" data-id=\"179\" class=\"wp-image-179\" srcset=\"https:\/\/delicesduchenesire.fr\/wp-content\/uploads\/2020\/03\/cave-munster-1024x768.jpg 1024w, https:\/\/delicesduchenesire.fr\/wp-content\/uploads\/2020\/03\/cave-munster-300x225.jpg 300w, https:\/\/delicesduchenesire.fr\/wp-content\/uploads\/2020\/03\/cave-munster-768x576.jpg 768w, https:\/\/delicesduchenesire.fr\/wp-content\/uploads\/2020\/03\/cave-munster-1536x1152.jpg 1536w, https:\/\/delicesduchenesire.fr\/wp-content\/uploads\/2020\/03\/cave-munster-2048x1536.jpg 2048w\" sizes=\"(max-width: 1024px) 100vw, 1024px\" \/><figcaption class=\"blocks-gallery-item__caption\">cave \u00e0 munster<\/figcaption><\/figure><\/li><\/ul><\/figure>\n\n\n\n<p>Aujourd\u2019hui nous compl\u00e9tons notre gamme avec de la charcuterie (saucissons, &#8230;) faite \u00e0 partir de notre viande ainsi que des hach\u00e9s fermiers surgel\u00e9s.<\/p>\n\n\n\n<figure class=\"wp-block-gallery columns-2 is-cropped\"><ul class=\"blocks-gallery-grid\"><li class=\"blocks-gallery-item\"><figure><img loading=\"lazy\" width=\"1024\" height=\"768\" src=\"https:\/\/delicesduchenesire.fr\/wp-content\/uploads\/2020\/03\/saucisson-sec-1024x768.jpg\" alt=\"\" data-id=\"183\" class=\"wp-image-183\" srcset=\"https:\/\/delicesduchenesire.fr\/wp-content\/uploads\/2020\/03\/saucisson-sec-1024x768.jpg 1024w, https:\/\/delicesduchenesire.fr\/wp-content\/uploads\/2020\/03\/saucisson-sec-300x225.jpg 300w, https:\/\/delicesduchenesire.fr\/wp-content\/uploads\/2020\/03\/saucisson-sec-768x576.jpg 768w, https:\/\/delicesduchenesire.fr\/wp-content\/uploads\/2020\/03\/saucisson-sec-1536x1152.jpg 1536w, https:\/\/delicesduchenesire.fr\/wp-content\/uploads\/2020\/03\/saucisson-sec-2048x1536.jpg 2048w\" sizes=\"(max-width: 1024px) 100vw, 1024px\" \/><figcaption class=\"blocks-gallery-item__caption\">Saucisson sec boeuf (race vosgienne) et porc<\/figcaption><\/figure><\/li><li class=\"blocks-gallery-item\"><figure><img src=\"https:\/\/delicesduchenesire.fr\/wp-content\/uploads\/2021\/03\/steack-hache-1-768x1024.jpg\" alt=\"\" data-id=\"889\" data-full-url=\"https:\/\/delicesduchenesire.fr\/wp-content\/uploads\/2021\/03\/steack-hache-1-scaled.jpg\" data-link=\"https:\/\/delicesduchenesire.fr\/index.php\/nos-fromages\/steack-hache-1\/#main\" class=\"wp-image-889\"\/><figcaption class=\"blocks-gallery-item__caption\">Steacks hach\u00e9s surgel\u00e9s sous vide lot de 2x150g<\/figcaption><\/figure><\/li><\/ul><\/figure>\n\n\n\n<p>*certifi\u00e9 par Ecocert FR-BIO-01<\/p>\n","protected":false},"excerpt":{"rendered":"<p>Nous tranformons \u00e0 la ferme l\u2019int\u00e9gralit\u00e9 de notre lait bio en fromage et glace. Avec un savoir-faire de plus de 30 ans&nbsp;dans la fabrication et l\u2019affinage, nous&nbsp;oeuvrons tous les jours pour d\u00e9velopper les fromages typiques de la r\u00e9gion : Munster fermier AOC, Tomme de montagne et Coeur de Massif. Aujourd\u2019hui nous compl\u00e9tons notre gamme avec &#8230; <a title=\"Nos Fromages et Charcuteries de la ferme\" class=\"read-more\" href=\"https:\/\/delicesduchenesire.fr\/index.php\/nos-fromages\/\" aria-label=\"En savoir plus sur Nos Fromages et Charcuteries de la ferme\">Lire la suite<\/a><\/p>\n","protected":false},"author":1,"featured_media":0,"parent":0,"menu_order":0,"comment_status":"closed","ping_status":"closed","template":"","meta":[],"_links":{"self":[{"href":"https:\/\/delicesduchenesire.fr\/index.php\/wp-json\/wp\/v2\/pages\/111"}],"collection":[{"href":"https:\/\/delicesduchenesire.fr\/index.php\/wp-json\/wp\/v2\/pages"}],"about":[{"href":"https:\/\/delicesduchenesire.fr\/index.php\/wp-json\/wp\/v2\/types\/page"}],"author":[{"embeddable":true,"href":"https:\/\/delicesduchenesire.fr\/index.php\/wp-json\/wp\/v2\/users\/1"}],"replies":[{"embeddable":true,"href":"https:\/\/delicesduchenesire.fr\/index.php\/wp-json\/wp\/v2\/comments?post=111"}],"version-history":[{"count":6,"href":"https:\/\/delicesduchenesire.fr\/index.php\/wp-json\/wp\/v2\/pages\/111\/revisions"}],"predecessor-version":[{"id":3033,"href":"https:\/\/delicesduchenesire.fr\/index.php\/wp-json\/wp\/v2\/pages\/111\/revisions\/3033"}],"wp:attachment":[{"href":"https:\/\/delicesduchenesire.fr\/index.php\/wp-json\/wp\/v2\/media?parent=111"}],"curies":[{"name":"wp","href":"https:\/\/api.w.org\/{rel}","templated":true}]}}